{"id":62,"date":"2021-12-09T10:01:05","date_gmt":"2021-12-09T10:01:05","guid":{"rendered":"http:\/\/dev.aeroclub-cpac.fr\/?page_id=62"},"modified":"2026-05-10T15:30:28","modified_gmt":"2026-05-10T15:30:28","slug":"vols-de-decouverte-ou-dinitiation-deux-formules-possibles","status":"publish","type":"page","link":"https:\/\/www.aeroclub-cpac.fr\/index.php\/vols-de-decouverte-ou-dinitiation-deux-formules-possibles\/","title":{"rendered":"Vols de d\u00e9couverte\/d&rsquo;initiation"},"content":{"rendered":"\n<h2 class=\"wp-block-heading\">Vols de d\u00e9couverte ou d&rsquo;initiation : deux formules possibles<\/h2>\n\n\n\n<p>Partez pour un vol de 30 minutes au d\u00e9part de l&rsquo;a\u00e9rodrome de Pontoise-Cormeilles, \u00e0 la d\u00e9couverte du plaisir du vol et de notre belle r\u00e9gion vue du ciel.<br>Pour vous m\u00eame ou&nbsp;<a href=\"http:\/\/firstflight.aerogest.fr\/Structure\/Display\/57DFFF132B\">offrez un bon cadeau<\/a>&nbsp;pour un anniversaire : succ\u00e8s garanti !<\/p>\n\n\n<div class=\"wp-block-image\">\n<figure class=\"aligncenter size-full\"><img loading=\"lazy\" decoding=\"async\" width=\"512\" height=\"384\" src=\"https:\/\/www.aeroclub-cpac.fr\/wp-content\/uploads\/2021\/12\/ChateauReduit.jpg\" alt=\"\" class=\"wp-image-103\" srcset=\"https:\/\/www.aeroclub-cpac.fr\/wp-content\/uploads\/2021\/12\/ChateauReduit.jpg 512w, https:\/\/www.aeroclub-cpac.fr\/wp-content\/uploads\/2021\/12\/ChateauReduit-300x225.jpg 300w, https:\/\/www.aeroclub-cpac.fr\/wp-content\/uploads\/2021\/12\/ChateauReduit-400x300.jpg 400w\" sizes=\"auto, (max-width: 512px) 100vw, 512px\" \/><\/figure>\n<\/div>\n\n\n<h1 class=\"wp-block-heading\">Vol d&rsquo;initiation<\/h1>\n\n\n\n<p>Prenez les commandes pour un vol de 30 minutes effectu\u00e9 avec un instructeur : pr\u00e9sentation de l&rsquo;avion et de la s\u00e9ance, vol de 30 minutes, d\u00e9briefing.<br>Vous d\u00e9couvrirez la m\u00e9canique du vol et vous pourrez vivre et ressentir votre machine volante !<br>A vous les commandes !<\/p>\n\n\n<div class=\"wp-block-image\">\n<figure class=\"aligncenter size-full\"><img loading=\"lazy\" decoding=\"async\" width=\"800\" height=\"473\" src=\"https:\/\/www.aeroclub-cpac.fr\/wp-content\/uploads\/2021\/12\/JUReduit.jpg\" alt=\"\" class=\"wp-image-104\" srcset=\"https:\/\/www.aeroclub-cpac.fr\/wp-content\/uploads\/2021\/12\/JUReduit.jpg 800w, https:\/\/www.aeroclub-cpac.fr\/wp-content\/uploads\/2021\/12\/JUReduit-300x177.jpg 300w, https:\/\/www.aeroclub-cpac.fr\/wp-content\/uploads\/2021\/12\/JUReduit-768x454.jpg 768w, https:\/\/www.aeroclub-cpac.fr\/wp-content\/uploads\/2021\/12\/JUReduit-500x296.jpg 500w\" sizes=\"auto, (max-width: 800px) 100vw, 800px\" \/><\/figure>\n<\/div>\n\n\n<h1 class=\"wp-block-heading\">Tarifs :<\/h1>\n\n\n\n<p><span style=\"text-decoration: underline;\">Vols de d\u00e9couverte de 30 minutes :<\/span><br>&nbsp; &nbsp; &nbsp; 1 personne : 120 \u20ac le vol<br>&nbsp; &nbsp; &nbsp; 2 ou 3 personnes : 180 \u20ac le vol<\/p>\n\n\n\n<p><span style=\"text-decoration: underline;\">Vol d&rsquo;initiation de 30 minutes avec instructeur :<\/span><br>\u00a0 \u00a0 \u00a0 1 personne : 170 \u20ac la s\u00e9ance, vol inclus<br>\u00a0 \u00a0 \u00a0 2 ou 3 personnes : 300 \u20ac la s\u00e9ance, vol inclus<\/p>\n\n\n\n<p><\/p>\n\n\n\n<p><strong><strong>Comit\u00e9s d&rsquo;entreprise : <\/strong><\/strong><\/p>\n\n\n\n<p>Vous pouvez solliciter votre comit\u00e9 d&rsquo;entreprise pour d&rsquo;\u00e9ventuelles subventions.<br><br>Nous pouvons \u00e9tudier aussi avec votre comit\u00e9 d&rsquo;entreprise des conditions privil\u00e9gi\u00e9es valables pour tous les collaborateur de la soci\u00e9t\u00e9.<br><br>Ex : Vols d&rsquo;initiations, journ\u00e9e a\u00e9ronautique, vols de d\u00e9couverte, etc&#8230;<br><\/p>\n\n\n\n<p><strong><strong><br><\/strong><\/strong>Renseignements : cpac2@wanadoo.fr <\/p>\n","protected":false},"excerpt":{"rendered":"<p>Vols de d\u00e9couverte ou d&rsquo;initiation : deux formules possibles Partez pour un vol de 30 minutes au d\u00e9part de l&rsquo;a\u00e9rodrome de Pontoise-Cormeilles, \u00e0 la d\u00e9couverte du plaisir du vol et de notre belle r\u00e9gion vue du ciel.Pour vous m\u00eame ou&nbsp;offrez &hellip; <a href=\"https:\/\/www.aeroclub-cpac.fr\/index.php\/vols-de-decouverte-ou-dinitiation-deux-formules-possibles\/\">Continuer la lecture <span class=\"meta-nav\">&rarr;<\/span><\/a><\/p>\n","protected":false},"author":1,"featured_media":0,"parent":0,"menu_order":0,"comment_status":"closed","ping_status":"closed","template":"","meta":{"footnotes":""},"class_list":["post-62","page","type-page","status-publish","hentry"],"_links":{"self":[{"href":"https:\/\/www.aeroclub-cpac.fr\/index.php\/wp-json\/wp\/v2\/pages\/62","targetHints":{"allow":["GET"]}}],"collection":[{"href":"https:\/\/www.aeroclub-cpac.fr\/index.php\/wp-json\/wp\/v2\/pages"}],"about":[{"href":"https:\/\/www.aeroclub-cpac.fr\/index.php\/wp-json\/wp\/v2\/types\/page"}],"author":[{"embeddable":true,"href":"https:\/\/www.aeroclub-cpac.fr\/index.php\/wp-json\/wp\/v2\/users\/1"}],"replies":[{"embeddable":true,"href":"https:\/\/www.aeroclub-cpac.fr\/index.php\/wp-json\/wp\/v2\/comments?post=62"}],"version-history":[{"count":11,"href":"https:\/\/www.aeroclub-cpac.fr\/index.php\/wp-json\/wp\/v2\/pages\/62\/revisions"}],"predecessor-version":[{"id":465,"href":"https:\/\/www.aeroclub-cpac.fr\/index.php\/wp-json\/wp\/v2\/pages\/62\/revisions\/465"}],"wp:attachment":[{"href":"https:\/\/www.aeroclub-cpac.fr\/index.php\/wp-json\/wp\/v2\/media?parent=62"}],"curies":[{"name":"wp","href":"https:\/\/api.w.org\/{rel}","templated":true}]}}