{"id":51,"date":"2021-12-09T09:38:37","date_gmt":"2021-12-09T09:38:37","guid":{"rendered":"http:\/\/dev.aeroclub-cpac.fr\/?page_id=51"},"modified":"2021-12-20T09:44:27","modified_gmt":"2021-12-20T09:44:27","slug":"la-formation","status":"publish","type":"page","link":"https:\/\/www.aeroclub-cpac.fr\/index.php\/la-formation\/","title":{"rendered":"La Formation"},"content":{"rendered":"\n<p>Le CERGY PONTOISE AIR CLUB forme et pr\u00e9sente les \u00e9l\u00e8ves aux Brevets classiques de l&rsquo;aviation de tourisme.<\/p>\n\n\n\n<h1 class=\"has-text-align-center has-blue-color has-text-color has-medium-font-size wp-block-heading\">Formation Pratique<\/h1>\n\n\n\n<h2 class=\"has-blue-color has-text-color has-normal-font-size wp-block-heading\">1. Autorisation de Base LAPL (ABL)<\/h2>\n\n\n\n<p>Arr\u00e9t\u00e9 du 19 mai relatif \u00e0 l&rsquo;autorisation de vol solo sans supervision ABL<\/p>\n\n\n\n<h3 class=\"has-blue-color has-text-color wp-block-heading\" style=\"font-size:14px\">Autorisation de base LAPL<\/h3>\n\n\n\n<p>Etre \u00e2g\u00e9 de 16 ans minimum le jour de l&rsquo;examen et avoir au minimum :<\/p>\n\n\n\n<p>  &#8211; 6 heures en doubles commande<\/p>\n\n\n\n<p>  &#8211; 20 atterrissages et d\u00e9collages sous supervision d&rsquo;un FI<\/p>\n\n\n\n<p>  &#8211; avoir acquis les comp\u00e9tences n\u00e9cessaires afin de voler seul \u00e0 bord (suivant manuel de formation LAPL.PPL)<\/p>\n\n\n\n<h3 class=\"has-blue-color has-text-color wp-block-heading\" style=\"font-size:14px\">Formation Th\u00e9orique n\u00e9cessaire pour l&rsquo;obtention de l&rsquo;ABL:<\/h3>\n\n\n\n<p>  &#8211; soit un brevet de base th\u00e9orique \u00ab\u00a0BB\u00a0\u00bb obtenu avant le 1ier janvier 2020 et valable 24 mois<\/p>\n\n\n\n<p>  &#8211; soit un PPL ou LAPL th\u00e9orique de moins de 24 mois<\/p>\n\n\n\n<p>  &#8211; soit un Brevet d&rsquo;Initiation A\u00e9ronautique\u00a0 \u00a0\u00bb BIA \u00a0\u00bb\u00a0 de moins de 36 mois<\/p>\n\n\n\n<h2 class=\"has-blue-color has-text-color has-normal-font-size wp-block-heading\">2. Licence PPL(A) : licence Europ\u00e9enne<\/h2>\n\n\n\n<p>  &#8211; avoir 17 ans r\u00e9volus le jour de l&rsquo;examen pratique<\/p>\n\n\n\n<p>  &#8211; au moins 45 heures de vol dont 5 heures maximum pouvant \u00eatre fa\u00eetes sur simulateur<\/p>\n\n\n\n<p>  &#8211; au moins 25 heures en double commande<\/p>\n\n\n\n<p>  &#8211; au moins 10 heures de solo supervis\u00e9 dont au moins 5 heures de solo en campagne comprenant 1 navigation d&rsquo;au moins 150Nm avec 2 atterrissages complets sur 2 terrains diff\u00e9rents du terrain de d\u00e9part.<\/p>\n\n\n\n<p class=\"has-text-align-left has-black-color has-text-color\"><strong>Pr\u00e9voir entre 50 et 60 heures de vol <\/strong>soit un budget d&rsquo;environ <strong>7000\u20ac<\/strong> qui s&rsquo;\u00e9tale tout au long de la formation. <\/p>\n\n\n\n<h2 class=\"has-blue-color has-text-color has-normal-font-size wp-block-heading\">3. License LAPL : licence Europ\u00e9enne<\/h2>\n\n\n\n<p>  &#8211; avoir au moins 17 ans r\u00e9volus le jour de l&rsquo;examen pratique<\/p>\n\n\n\n<p>  &#8211; au moins 30 heures de vol dont<\/p>\n\n\n\n<p>  &#8211; au moins 15 heures de vol en double commande<\/p>\n\n\n\n<p>  &#8211; au moins 6 heures de vol solo supervis\u00e9 par un FI dont 3 heures de vol en campagne \u00a0\u00a0\u00a0\u00a0 comprenant 1 navigation d&rsquo;au moins 80Nm avec 1 atterrissage complet sur un terrain diff\u00e9rent du terrain de d\u00e9part.<\/p>\n\n\n\n<p class=\"has-text-align-center\"><strong>L&#8217;emport de passagers ne sera autoris\u00e9 qu&rsquo;apr\u00e8s 10 heures de vol suppl\u00e9mentaires<\/strong><\/p>\n\n\n\n<h1 class=\"has-text-align-center has-blue-color has-text-color has-medium-font-size wp-block-heading\">Formation Th\u00e9orique<\/h1>\n\n\n\n<p>La pr\u00e9paration \u00e0 l&rsquo;examen th\u00e9orique LAPL ou PPL est organis\u00e9e en e.learning. \u00a0Cette m\u00e9thode de formation permet \u00e0 l&rsquo;\u00e9l\u00e8ve de travailler \u00e0 son rythme en fonction de ses disponibilit\u00e9s.<\/p>\n\n\n\n<h2 class=\"has-blue-color has-text-color has-normal-font-size wp-block-heading\">Formation E.Learning<\/h2>\n\n\n\n<p>L&rsquo;Institut J MERMOZ organisme de formation approuv\u00e9 par la DGAC et partenaire de la FFA \u00e0 \u00e9t\u00e9 choisi par le CPAC pour la formation th\u00e9orique du LAPL et PPL.<\/p>\n\n\n\n<p>L\u2019inscription \u00e0 l&rsquo;Institut Jean Mermoz fa\u00eete par l&rsquo;\u00e9l\u00e8ve ouvrira l&rsquo;acc\u00e8s aux cours pour une dur\u00e9e maxi de 24 mois.<\/p>\n\n\n\n<p>Chaque instructeur \u00e0 la possibilit\u00e9 de suivre la progression de ses \u00e9l\u00e8ves.<\/p>\n\n\n\n<p>Le Responsable p\u00e9dagogique a l&rsquo;acc\u00e8s au suivi des progressions de tous les \u00e9l\u00e8ves.<\/p>\n\n\n\n<p><strong>La formation th\u00e9orique comprend 9 mati\u00e8res :<\/strong><\/p>\n\n\n\n<p>   1. R\u00e9glementation<\/p>\n\n\n\n<p>     2. Performance humaine<\/p>\n\n\n\n<p>     3. Communication<\/p>\n\n\n\n<p>     4. M\u00e9t\u00e9orologie<\/p>\n\n\n\n<p>     5. Principes du vol<\/p>\n\n\n\n<p>     6. Proc\u00e9dures op\u00e9rationnelles<\/p>\n\n\n\n<p>     7. Performances et pr\u00e9paration du vol<\/p>\n\n\n\n<p>     8. Navigation<\/p>\n\n\n\n<p>     9. Connaissance g\u00e9n\u00e9rale de l&rsquo;a\u00e9ronef<\/p>\n\n\n\n<p><strong>Organisation et programme de la partie de la formation en pr\u00e9sentiel<\/strong>:<\/p>\n\n\n\n<p>Un minimum de 10 heures de formation en pr\u00e9sentiel sous la forme de RDV (rendez vous p\u00e9dagogique) est requis.<\/p>\n\n\n\n<p>Cette formation \u00a0\u00bb pr\u00e9sentiel \u00a0\u00bb est d\u00e9coup\u00e9e de la fa\u00e7on suivante :<\/p>\n\n\n\n<p>    1. S\u00e9ance initiale &#8211; pr\u00e9sentation et outil p\u00e9dagogique<\/p>\n\n\n\n<p>    2. RVP1 r\u00e9glementation<\/p>\n\n\n\n<p>    3. RVP2 connaissance g\u00e9n\u00e9rale de l&rsquo;a\u00e9ronef<\/p>\n\n\n\n<p>    4. RVP3 performance op\u00e9rationnelle<\/p>\n\n\n\n<p>    5. RVP4 performance humaine<\/p>\n\n\n\n<p>    6. RVP5 m\u00e9t\u00e9orologie<\/p>\n\n\n\n<p>    7. RVP6 navigation<\/p>\n\n\n\n<p>    8. RVP7 proc\u00e9dures op\u00e9rationnelles<\/p>\n\n\n\n<p>    9. RVP8 principe de vol<\/p>\n\n\n\n<p>    10. RVP9 communication en VFR<\/p>\n\n\n\n<p><strong>Pr\u00e9sentation \u00e0 l&rsquo;examen th\u00e9orique<\/strong><\/p>\n\n\n\n<p>Apr\u00e8s avoir suivi :<\/p>\n\n\n\n<p>&nbsp;&#8211; la totalit\u00e9 des cours en ligne et r\u00e9ussi un minimum de 85% de bonnes r\u00e9ponses au QCM d&rsquo;entrainement<\/p>\n\n\n\n<p>&nbsp;&#8211; suivi un minimum de 10 h en pr\u00e9sentiel<\/p>\n\n\n\n<p>\u00a0Le Responsable P\u00e9dagogique atteste que le candidat a suivi de mani\u00e8re compl\u00e8te et satisfaisante la formation th\u00e9orique.<\/p>\n\n\n\n<p>A l&rsquo;issue, le Responsable P\u00e9dagogique d\u00e9livre une attestation de formation approuv\u00e9e et autorise l&rsquo;\u00e9l\u00e8ve \u00e0 se pr\u00e9senter \u00e0 l&rsquo;examen<\/p>\n\n\n\n<h2 class=\"has-blue-color has-text-color has-normal-font-size wp-block-heading\"><strong><u>N\u00e9cessaire pour d\u00e9buter votre formation<\/u><\/strong><\/h2>\n\n\n\n<p>\u2022 Adh\u00e9sion au CPAC<br>\u2022 Licence FFA<br>\u2022 Carnet de vol<br>\u2022 Manuel du pilote priv\u00e9 avion<br>\u2022 1 casque de vol<br>\u2022 Carte de la r\u00e9gion parisienne au 1\/250000<br>\u2022 Carte VAC du terrain de Pontoise LFPT (\u00e0 t\u00e9l\u00e9charger sur le site du SIA)<br>\u2022 Check-list<\/p>\n\n\n\n<p><br>\u2022 Visite m\u00e9dicale classe 2 avant le l\u00e2ch\u00e9 solo<\/p>\n\n\n\n<p><strong>Bourses pour les moins de 21 ans<\/strong><\/p>\n\n\n\n<figure class=\"wp-block-table\"><table><tbody><tr><td>Lach\u00e9<\/td><td>335\u20ac<\/td><\/tr><tr><td>ABL<\/td><td>335\u20ac<\/td><\/tr><tr><td>PPL ou LAPL<\/td><td>670\u20ac<\/td><\/tr><tr><td>Qualification vol de nuit<\/td><td>335\u20ac<\/td><\/tr><\/tbody><\/table><\/figure>\n\n\n\n<figure class=\"wp-block-image size-full\"><img loading=\"lazy\" decoding=\"async\" width=\"638\" height=\"204\" src=\"https:\/\/www.aeroclub-cpac.fr\/wp-content\/uploads\/2021\/12\/bourses-FFA.png\" alt=\"\" class=\"wp-image-228\" srcset=\"https:\/\/www.aeroclub-cpac.fr\/wp-content\/uploads\/2021\/12\/bourses-FFA.png 638w, https:\/\/www.aeroclub-cpac.fr\/wp-content\/uploads\/2021\/12\/bourses-FFA-300x96.png 300w, https:\/\/www.aeroclub-cpac.fr\/wp-content\/uploads\/2021\/12\/bourses-FFA-500x160.png 500w\" sizes=\"auto, (max-width: 638px) 100vw, 638px\" \/><\/figure>\n","protected":false},"excerpt":{"rendered":"<p>Le CERGY PONTOISE AIR CLUB forme et pr\u00e9sente les \u00e9l\u00e8ves aux Brevets classiques de l&rsquo;aviation de tourisme. Formation Pratique 1. Autorisation de Base LAPL (ABL) Arr\u00e9t\u00e9 du 19 mai relatif \u00e0 l&rsquo;autorisation de vol solo sans supervision ABL Autorisation de &hellip; <a href=\"https:\/\/www.aeroclub-cpac.fr\/index.php\/la-formation\/\">Continuer la lecture <span class=\"meta-nav\">&rarr;<\/span><\/a><\/p>\n","protected":false},"author":1,"featured_media":0,"parent":0,"menu_order":0,"comment_status":"closed","ping_status":"closed","template":"","meta":{"footnotes":""},"class_list":["post-51","page","type-page","status-publish","hentry"],"_links":{"self":[{"href":"https:\/\/www.aeroclub-cpac.fr\/index.php\/wp-json\/wp\/v2\/pages\/51","targetHints":{"allow":["GET"]}}],"collection":[{"href":"https:\/\/www.aeroclub-cpac.fr\/index.php\/wp-json\/wp\/v2\/pages"}],"about":[{"href":"https:\/\/www.aeroclub-cpac.fr\/index.php\/wp-json\/wp\/v2\/types\/page"}],"author":[{"embeddable":true,"href":"https:\/\/www.aeroclub-cpac.fr\/index.php\/wp-json\/wp\/v2\/users\/1"}],"replies":[{"embeddable":true,"href":"https:\/\/www.aeroclub-cpac.fr\/index.php\/wp-json\/wp\/v2\/comments?post=51"}],"version-history":[{"count":2,"href":"https:\/\/www.aeroclub-cpac.fr\/index.php\/wp-json\/wp\/v2\/pages\/51\/revisions"}],"predecessor-version":[{"id":235,"href":"https:\/\/www.aeroclub-cpac.fr\/index.php\/wp-json\/wp\/v2\/pages\/51\/revisions\/235"}],"wp:attachment":[{"href":"https:\/\/www.aeroclub-cpac.fr\/index.php\/wp-json\/wp\/v2\/media?parent=51"}],"curies":[{"name":"wp","href":"https:\/\/api.w.org\/{rel}","templated":true}]}}