{"id":44,"date":"2021-12-09T09:30:03","date_gmt":"2021-12-09T09:30:03","guid":{"rendered":"http:\/\/dev.aeroclub-cpac.fr\/?page_id=44"},"modified":"2026-05-07T08:05:43","modified_gmt":"2026-05-07T08:05:43","slug":"les-avions","status":"publish","type":"page","link":"https:\/\/www.aeroclub-cpac.fr\/index.php\/les-avions\/","title":{"rendered":"Les avions"},"content":{"rendered":"\n<p>Le CERGY PONTOISE AIR CLUB renouvelle sa flotte et accueille en 2026 deux avions Elixir Aircraft. Elle ouvre ainsi \u00e0 ses membres les portes de l&rsquo;aviation de toute derni\u00e8re g\u00e9n\u00e9ration ! Ces avions sont d\u00e9di\u00e9s aussi bien \u00e0 la formation qu&rsquo;aux voyages.<\/p>\n\n\n\n<p>Historiquement, le club avait compos\u00e9 sa flotte d&rsquo;avions Diamond Aircraft (DA20\/DA40) dont la simplicit\u00e9 de maniement permet aux futurs pilotes et aux pilotes d&rsquo;acc\u00e9der rapidement et \u00e0 co\u00fbt ma\u00eetris\u00e9s au plaisir de voler.<\/p>\n\n\n\n<figure class=\"wp-block-image size-large\"><img loading=\"lazy\" decoding=\"async\" width=\"1024\" height=\"576\" src=\"https:\/\/www.aeroclub-cpac.fr\/wp-content\/uploads\/2026\/05\/F-HIRT-1024x576.jpeg\" alt=\"\" class=\"wp-image-437\" srcset=\"https:\/\/www.aeroclub-cpac.fr\/wp-content\/uploads\/2026\/05\/F-HIRT-1024x576.jpeg 1024w, https:\/\/www.aeroclub-cpac.fr\/wp-content\/uploads\/2026\/05\/F-HIRT-300x169.jpeg 300w, https:\/\/www.aeroclub-cpac.fr\/wp-content\/uploads\/2026\/05\/F-HIRT-768x432.jpeg 768w, https:\/\/www.aeroclub-cpac.fr\/wp-content\/uploads\/2026\/05\/F-HIRT-1536x864.jpeg 1536w, https:\/\/www.aeroclub-cpac.fr\/wp-content\/uploads\/2026\/05\/F-HIRT-500x281.jpeg 500w, https:\/\/www.aeroclub-cpac.fr\/wp-content\/uploads\/2026\/05\/F-HIRT.jpeg 2048w\" sizes=\"auto, (max-width: 1024px) 100vw, 1024px\" \/><\/figure>\n\n\n\n<h1 class=\"wp-block-heading\">L&rsquo;\u00e9cole<\/h1>\n\n\n\n<p>D\u00e9sormais, les formations seront r\u00e9alis\u00e9s en priorit\u00e9 sur nos deux ELIXIR. <\/p>\n\n\n\n<p>Les deux DA20 peuvent aussi \u00eatre exploit\u00e9s pour la formation.<\/p>\n\n\n\n<p>Pour le travail avec nos instructeurs une salle de cours spacieuse et ind\u00e9pendante est d\u00e9di\u00e9e aux briefings et d\u00e9briefings des vols ainsi qu&rsquo;aux cours th\u00e9oriques pour donner aux \u00e9l\u00e8ves et pilotes les meilleures conditions de travail possibles.<\/p>\n\n\n<div class=\"wp-block-image\">\n<figure class=\"aligncenter size-full is-resized\"><img loading=\"lazy\" decoding=\"async\" width=\"2560\" height=\"1439\" src=\"https:\/\/www.aeroclub-cpac.fr\/wp-content\/uploads\/2026\/05\/P1090709-scaled.jpg\" alt=\"\" class=\"wp-image-438\" style=\"aspect-ratio:1.761588271638123;width:610px;height:auto\" srcset=\"https:\/\/www.aeroclub-cpac.fr\/wp-content\/uploads\/2026\/05\/P1090709-scaled.jpg 2560w, https:\/\/www.aeroclub-cpac.fr\/wp-content\/uploads\/2026\/05\/P1090709-300x169.jpg 300w, https:\/\/www.aeroclub-cpac.fr\/wp-content\/uploads\/2026\/05\/P1090709-1024x575.jpg 1024w, https:\/\/www.aeroclub-cpac.fr\/wp-content\/uploads\/2026\/05\/P1090709-768x432.jpg 768w, https:\/\/www.aeroclub-cpac.fr\/wp-content\/uploads\/2026\/05\/P1090709-1536x863.jpg 1536w, https:\/\/www.aeroclub-cpac.fr\/wp-content\/uploads\/2026\/05\/P1090709-2048x1151.jpg 2048w, https:\/\/www.aeroclub-cpac.fr\/wp-content\/uploads\/2026\/05\/P1090709-500x281.jpg 500w\" sizes=\"auto, (max-width: 2560px) 100vw, 2560px\" \/><\/figure>\n<\/div>\n\n\n<h1 class=\"wp-block-heading\">Le tourisme<\/h1>\n\n\n\n<p>Les DA20 sont utilis\u00e9s pour le tourisme en particulier pour des vols de courtes distances.<\/p>\n\n\n\n<p>Les ELIXIR permettront aux pilotes de filer, seul ou \u00e0 deux, tout en confort !<\/p>\n\n\n\n<p>Les DA40, r\u00e9put\u00e9s pour leur confort, permettent de partager le plaisir du vol avec 3 passagers et de r\u00e9aliser des voyages \u00e0 plus long cours. <br>Pour aller plus loin, plus vite, le club dispose d&rsquo;un DA40 TDI magnifiquement \u00e9quip\u00e9.<\/p>\n\n\n<div class=\"wp-block-image\">\n<figure class=\"aligncenter size-full\"><img loading=\"lazy\" decoding=\"async\" width=\"2560\" height=\"1439\" src=\"https:\/\/www.aeroclub-cpac.fr\/wp-content\/uploads\/2026\/05\/P1140147-scaled.jpg\" alt=\"\" class=\"wp-image-439\" srcset=\"https:\/\/www.aeroclub-cpac.fr\/wp-content\/uploads\/2026\/05\/P1140147-scaled.jpg 2560w, https:\/\/www.aeroclub-cpac.fr\/wp-content\/uploads\/2026\/05\/P1140147-300x169.jpg 300w, https:\/\/www.aeroclub-cpac.fr\/wp-content\/uploads\/2026\/05\/P1140147-1024x575.jpg 1024w, https:\/\/www.aeroclub-cpac.fr\/wp-content\/uploads\/2026\/05\/P1140147-768x432.jpg 768w, https:\/\/www.aeroclub-cpac.fr\/wp-content\/uploads\/2026\/05\/P1140147-1536x863.jpg 1536w, https:\/\/www.aeroclub-cpac.fr\/wp-content\/uploads\/2026\/05\/P1140147-2048x1151.jpg 2048w, https:\/\/www.aeroclub-cpac.fr\/wp-content\/uploads\/2026\/05\/P1140147-500x281.jpg 500w\" sizes=\"auto, (max-width: 2560px) 100vw, 2560px\" \/><\/figure>\n<\/div>\n\n\n<h1 class=\"wp-block-heading\">Le prix horaires des avions :<\/h1>\n\n\n\n<p>Pilote seul \u00e0 bord : <em>SOLO<\/em><br>Pilote avec instructeur : <em>ECOLE<\/em><\/p>\n\n\n\n<figure class=\"wp-block-table\"><table><tbody><tr><td><\/td><td><strong>Solo<\/strong><\/td><td><strong>Ecole<\/strong><\/td><\/tr><tr><td><strong>ELIXIR<\/strong><br>2 places &#8211; 100 cv &#8211; vitesse de croisi\u00e8re 220 km\/h<\/td><td>169 \u20ac<\/td><td>201 \u20ac<\/td><\/tr><tr><td><strong>DA20<\/strong><br> 2 places &#8211; 100 cv &#8211; vitesse de croisi\u00e8re 200 km\/h<\/td><td>138 \u20ac<\/td><td>170 \u20ac<\/td><\/tr><tr><td><strong>DA40 TDI<\/strong><br>4 places &#8211; 135 cv &#8211; vitesse de croisi\u00e8re 220 km\/h<\/td><td>198 \u20ac<\/td><td>230 \u20ac<\/td><\/tr><\/tbody><\/table><\/figure>\n\n\n\n<p>Les prix de l&rsquo;heure de vol comprennent notamment :<br>\u00a0\u00a0&#8211; L&rsquo;assurance responsabilit\u00e9 civile et l&rsquo;assurance du mat\u00e9riel ;<br>\u00a0\u00a0&#8211; L&rsquo;essence, l&rsquo;huile, l&rsquo;entretien des avions ;<br>\u00a0\u00a0&#8211; Les charges a\u00e9roportuaires sur notre a\u00e9rodrome.<\/p>\n","protected":false},"excerpt":{"rendered":"<p>Le CERGY PONTOISE AIR CLUB renouvelle sa flotte et accueille en 2026 deux avions Elixir Aircraft. Elle ouvre ainsi \u00e0 ses membres les portes de l&rsquo;aviation de toute derni\u00e8re g\u00e9n\u00e9ration ! Ces avions sont d\u00e9di\u00e9s aussi bien \u00e0 la formation &hellip; <a href=\"https:\/\/www.aeroclub-cpac.fr\/index.php\/les-avions\/\">Continuer la lecture <span class=\"meta-nav\">&rarr;<\/span><\/a><\/p>\n","protected":false},"author":1,"featured_media":0,"parent":0,"menu_order":0,"comment_status":"closed","ping_status":"closed","template":"","meta":{"footnotes":""},"class_list":["post-44","page","type-page","status-publish","hentry"],"_links":{"self":[{"href":"https:\/\/www.aeroclub-cpac.fr\/index.php\/wp-json\/wp\/v2\/pages\/44","targetHints":{"allow":["GET"]}}],"collection":[{"href":"https:\/\/www.aeroclub-cpac.fr\/index.php\/wp-json\/wp\/v2\/pages"}],"about":[{"href":"https:\/\/www.aeroclub-cpac.fr\/index.php\/wp-json\/wp\/v2\/types\/page"}],"author":[{"embeddable":true,"href":"https:\/\/www.aeroclub-cpac.fr\/index.php\/wp-json\/wp\/v2\/users\/1"}],"replies":[{"embeddable":true,"href":"https:\/\/www.aeroclub-cpac.fr\/index.php\/wp-json\/wp\/v2\/comments?post=44"}],"version-history":[{"count":8,"href":"https:\/\/www.aeroclub-cpac.fr\/index.php\/wp-json\/wp\/v2\/pages\/44\/revisions"}],"predecessor-version":[{"id":442,"href":"https:\/\/www.aeroclub-cpac.fr\/index.php\/wp-json\/wp\/v2\/pages\/44\/revisions\/442"}],"wp:attachment":[{"href":"https:\/\/www.aeroclub-cpac.fr\/index.php\/wp-json\/wp\/v2\/media?parent=44"}],"curies":[{"name":"wp","href":"https:\/\/api.w.org\/{rel}","templated":true}]}}