{"id":39,"date":"2021-12-09T09:17:16","date_gmt":"2021-12-09T09:17:16","guid":{"rendered":"http:\/\/dev.aeroclub-cpac.fr\/?page_id=39"},"modified":"2025-02-08T11:50:46","modified_gmt":"2025-02-08T11:50:46","slug":"le-club","status":"publish","type":"page","link":"https:\/\/www.aeroclub-cpac.fr\/index.php\/le-club\/","title":{"rendered":"Le Club"},"content":{"rendered":"\n<figure class=\"wp-block-image size-large\"><img loading=\"lazy\" decoding=\"async\" width=\"1024\" height=\"768\" src=\"https:\/\/www.aeroclub-cpac.fr\/wp-content\/uploads\/2023\/02\/2023-02-07-18.38.14-1024x768.jpg\" alt=\"\" class=\"wp-image-272\" srcset=\"https:\/\/www.aeroclub-cpac.fr\/wp-content\/uploads\/2023\/02\/2023-02-07-18.38.14-1024x768.jpg 1024w, https:\/\/www.aeroclub-cpac.fr\/wp-content\/uploads\/2023\/02\/2023-02-07-18.38.14-300x225.jpg 300w, https:\/\/www.aeroclub-cpac.fr\/wp-content\/uploads\/2023\/02\/2023-02-07-18.38.14-768x576.jpg 768w, https:\/\/www.aeroclub-cpac.fr\/wp-content\/uploads\/2023\/02\/2023-02-07-18.38.14-1536x1152.jpg 1536w, https:\/\/www.aeroclub-cpac.fr\/wp-content\/uploads\/2023\/02\/2023-02-07-18.38.14-2048x1536.jpg 2048w, https:\/\/www.aeroclub-cpac.fr\/wp-content\/uploads\/2023\/02\/2023-02-07-18.38.14-400x300.jpg 400w\" sizes=\"auto, (max-width: 1024px) 100vw, 1024px\" \/><\/figure>\n\n\n\n<h4 class=\"wp-block-heading\"><strong>Sa vocation<\/strong><\/h4>\n\n\n\n<blockquote class=\"wp-block-quote is-layout-flow wp-block-quote-is-layout-flow\">\n<p>&#8211; Faciliter l&rsquo;obtention des brevets de pilote.<br>&#8211; Fournir aux pilotes brevet\u00e9s la possibilit\u00e9 de pratiquer leur loisir favori.<br>&#8211; Faire b\u00e9n\u00e9ficier du plaisir de voler \u00e0 ceux qui le souhaitent en organisant :<br>&nbsp;&nbsp;&nbsp;&nbsp; &#8211; des vols d&rsquo;initiation;<br>&nbsp;&nbsp;&nbsp;&nbsp; &#8211; des journ\u00e9es consacr\u00e9es \u00e0 des organismes (handicap\u00e9s, T\u00e9l\u00e9thon, Kiwanis, etc&#8230;);<br>&nbsp;&nbsp;&nbsp;&nbsp; &#8211; des vols de d\u00e9couverte (cadeau d&rsquo;anniversaire, animation de comit\u00e9 d&rsquo;entreprise, etc&#8230;).<\/p>\n<\/blockquote>\n\n\n\n<h4 class=\"wp-block-heading\"><strong>Sa situation<\/strong><\/h4>\n\n\n\n<p>Le CERGY PONTOISE AIR CLUB, install\u00e9 sur l&rsquo;a\u00e9roport de Pontoise-Cormeilles situ\u00e9 dans le Parc Naturel R\u00e9gional du Vexin, permet d&rsquo;agr\u00e9ables promenades a\u00e9riennes vers la vall\u00e9e de la Seine, les plages normandes, les ch\u00e2teaux de la Loire. Avec votre Brevet de Pilote Priv\u00e9, vous voyagerez aussi partout en France et \u00e0 l&rsquo;\u00e9tranger.<\/p>\n\n\n\n<p>Les deux longues pistes goudronn\u00e9es en croix laissent beaucoup de possibilit\u00e9s de vol quelle que soit la direction du vent. Les \u00e9l\u00e8ves et les pilotes qualifi\u00e9s disposent des infrastructures a\u00e9roportuaires de tr\u00e8s haut niveau : Tours de contr\u00f4le moderne, Radar, Syst\u00e8mes de radionavigation, Service de s\u00e9curit\u00e9 &#8230;<\/p>\n\n\n\n<p>Ces \u00e9quipements permettent d&rsquo;enseigner et pratiquer r\u00e9guli\u00e8rement le vol de nuit et aux instruments.<\/p>\n\n\n<div class=\"wp-block-image\">\n<figure class=\"aligncenter size-full\"><img loading=\"lazy\" decoding=\"async\" width=\"350\" height=\"280\" src=\"https:\/\/www.aeroclub-cpac.fr\/wp-content\/uploads\/2021\/12\/LFPT.jpg\" alt=\"\" class=\"wp-image-99\" srcset=\"https:\/\/www.aeroclub-cpac.fr\/wp-content\/uploads\/2021\/12\/LFPT.jpg 350w, https:\/\/www.aeroclub-cpac.fr\/wp-content\/uploads\/2021\/12\/LFPT-300x240.jpg 300w\" sizes=\"auto, (max-width: 350px) 100vw, 350px\" \/><\/figure>\n<\/div>\n\n\n<h4 class=\"wp-block-heading\"><strong>Son cadre juridique<\/strong><\/h4>\n\n\n\n<p>L&rsquo;A\u00e9ro-club CERGY PONTOISE AIR CLUB, cr\u00e9\u00e9 le 1 mars 1972, exerce ses activit\u00e9s dans la cadre de la loi de juillet 1901 r\u00e9gissant notre association.<br>Il est agr\u00e9\u00e9 par l&rsquo;\u00c9tat et affili\u00e9 \u00e0 la\u00a0<a href=\"http:\/\/www.ff-aero.fr\/\" target=\"_blank\" rel=\"noreferrer noopener\">F\u00e9d\u00e9ration Francaise A\u00e9ronautique<\/a><br>Ouvert \u00e0 tous, il forme des pilotes pour l&rsquo;aviation g\u00e9n\u00e9rale et enseigne le pilotage dans le cadre de la l\u00e9gislation europ\u00e9enne en vigueur depuis juillet 1999.<\/p>\n\n\n\n<p><strong>Adh\u00e9sion 2025 :<\/strong><br>Cotisation club : 214\u20ac (107\u20ac pour les moins de 25 ans)<br>Licence FFA 2025 avec assurance standard : 92\u20ac<\/p>\n\n\n\n<h4 class=\"wp-block-heading\"><strong>Son cadre<\/strong><\/h4>\n\n\n\n<p>Pour se retrouver, parler, se distraire, le CERGY PONTOISE AIR CLUB propose son sympathique Club House o\u00f9 chacun peut retrouver ou convier ses amis pr\u00e8s de la chemin\u00e9e ou autour d&rsquo;un barbecue.<\/p>\n\n\n\n<p>Lieu de rencontre, d&rsquo;\u00e9changes, le club permet de confronter les exp\u00e9riences a\u00e9ronautiques et d&rsquo;enrichir l&rsquo;information de chacun du v\u00e9cu de l&rsquo;autre.<\/p>\n\n\n\n<p>C&rsquo;est aussi lors de ces rencontres que s&rsquo;\u00e9laborent les actions concert\u00e9es qui permettent une ouverture vers les habitants de la r\u00e9gion.<\/p>\n\n\n\n<p>Ainsi le CERGY PONTOISE AIR CLUB a \u00e9t\u00e9 le premier \u00e0 signer la charte de bonne conduite visant \u00e0 limiter les nuisances dont pourraient souffir les riverains en sensibilisant ses pilotes au respect rigoureux des circuits de piste.<\/p>\n\n\n\n<p class=\"has-text-align-center\"><\/p>\n\n\n<div class=\"wp-block-image\">\n<figure class=\"aligncenter size-large is-resized\"><img loading=\"lazy\" decoding=\"async\" width=\"576\" height=\"1024\" src=\"https:\/\/www.aeroclub-cpac.fr\/wp-content\/uploads\/2023\/03\/WhatsApp-Image-2023-02-23-at-13.42.14-2-576x1024.jpeg\" alt=\"\" class=\"wp-image-277\" style=\"width:304px;height:551px\" srcset=\"https:\/\/www.aeroclub-cpac.fr\/wp-content\/uploads\/2023\/03\/WhatsApp-Image-2023-02-23-at-13.42.14-2-576x1024.jpeg 576w, https:\/\/www.aeroclub-cpac.fr\/wp-content\/uploads\/2023\/03\/WhatsApp-Image-2023-02-23-at-13.42.14-2-169x300.jpeg 169w, https:\/\/www.aeroclub-cpac.fr\/wp-content\/uploads\/2023\/03\/WhatsApp-Image-2023-02-23-at-13.42.14-2-768x1365.jpeg 768w, https:\/\/www.aeroclub-cpac.fr\/wp-content\/uploads\/2023\/03\/WhatsApp-Image-2023-02-23-at-13.42.14-2-864x1536.jpeg 864w, https:\/\/www.aeroclub-cpac.fr\/wp-content\/uploads\/2023\/03\/WhatsApp-Image-2023-02-23-at-13.42.14-2.jpeg 1080w\" sizes=\"auto, (max-width: 576px) 100vw, 576px\" \/><\/figure>\n<\/div>\n\n<div class=\"wp-block-image\">\n<figure class=\"aligncenter size-large is-resized\"><img loading=\"lazy\" decoding=\"async\" width=\"576\" height=\"1024\" src=\"https:\/\/www.aeroclub-cpac.fr\/wp-content\/uploads\/2023\/03\/WhatsApp-Image-2023-02-23-at-13.42.14-1-576x1024.jpeg\" alt=\"\" class=\"wp-image-275\" style=\"width:304px;height:551px\" srcset=\"https:\/\/www.aeroclub-cpac.fr\/wp-content\/uploads\/2023\/03\/WhatsApp-Image-2023-02-23-at-13.42.14-1-576x1024.jpeg 576w, https:\/\/www.aeroclub-cpac.fr\/wp-content\/uploads\/2023\/03\/WhatsApp-Image-2023-02-23-at-13.42.14-1-169x300.jpeg 169w, https:\/\/www.aeroclub-cpac.fr\/wp-content\/uploads\/2023\/03\/WhatsApp-Image-2023-02-23-at-13.42.14-1-768x1365.jpeg 768w, https:\/\/www.aeroclub-cpac.fr\/wp-content\/uploads\/2023\/03\/WhatsApp-Image-2023-02-23-at-13.42.14-1-864x1536.jpeg 864w, https:\/\/www.aeroclub-cpac.fr\/wp-content\/uploads\/2023\/03\/WhatsApp-Image-2023-02-23-at-13.42.14-1.jpeg 1080w\" sizes=\"auto, (max-width: 576px) 100vw, 576px\" \/><\/figure>\n<\/div>\n\n\n<h4 class=\"wp-block-heading\"><strong>Sa salle de cours :<\/strong><\/h4>\n\n\n\n<p>Afin de permettre \u00e0 nos instructeurs d&rsquo;instruire dans les meilleurs conditions<\/p>\n\n\n<div class=\"wp-block-image\">\n<figure class=\"aligncenter size-large is-resized\"><img loading=\"lazy\" decoding=\"async\" width=\"768\" height=\"1024\" src=\"https:\/\/www.aeroclub-cpac.fr\/wp-content\/uploads\/2023\/03\/WhatsApp-Image-2023-02-23-at-13.30.14-3-1-768x1024.jpeg\" alt=\"\" class=\"wp-image-279\" style=\"width:304px;height:551px\" srcset=\"https:\/\/www.aeroclub-cpac.fr\/wp-content\/uploads\/2023\/03\/WhatsApp-Image-2023-02-23-at-13.30.14-3-1-768x1024.jpeg 768w, https:\/\/www.aeroclub-cpac.fr\/wp-content\/uploads\/2023\/03\/WhatsApp-Image-2023-02-23-at-13.30.14-3-1-225x300.jpeg 225w, https:\/\/www.aeroclub-cpac.fr\/wp-content\/uploads\/2023\/03\/WhatsApp-Image-2023-02-23-at-13.30.14-3-1-1152x1536.jpeg 1152w, https:\/\/www.aeroclub-cpac.fr\/wp-content\/uploads\/2023\/03\/WhatsApp-Image-2023-02-23-at-13.30.14-3-1.jpeg 1500w\" sizes=\"auto, (max-width: 768px) 100vw, 768px\" \/><\/figure>\n<\/div>\n\n\n<h4 class=\"wp-block-heading\"><strong>Et le simulateur \u00e0 la disposition des membres du club pour les jours de mauvais temps.. ou autre :<\/strong><\/h4>\n\n\n\n<p>Certe modeste mais il fait le job..;<\/p>\n\n\n<div class=\"wp-block-image\">\n<figure class=\"aligncenter size-large is-resized\"><img loading=\"lazy\" decoding=\"async\" width=\"768\" height=\"1024\" src=\"https:\/\/www.aeroclub-cpac.fr\/wp-content\/uploads\/2023\/03\/WhatsApp-Image-2023-02-21-at-10.42.29-768x1024.jpeg\" alt=\"\" class=\"wp-image-280\" style=\"width:330px;height:448px\" srcset=\"https:\/\/www.aeroclub-cpac.fr\/wp-content\/uploads\/2023\/03\/WhatsApp-Image-2023-02-21-at-10.42.29-768x1024.jpeg 768w, https:\/\/www.aeroclub-cpac.fr\/wp-content\/uploads\/2023\/03\/WhatsApp-Image-2023-02-21-at-10.42.29-225x300.jpeg 225w, https:\/\/www.aeroclub-cpac.fr\/wp-content\/uploads\/2023\/03\/WhatsApp-Image-2023-02-21-at-10.42.29-1152x1536.jpeg 1152w, https:\/\/www.aeroclub-cpac.fr\/wp-content\/uploads\/2023\/03\/WhatsApp-Image-2023-02-21-at-10.42.29.jpeg 1500w\" sizes=\"auto, (max-width: 768px) 100vw, 768px\" \/><\/figure>\n<\/div>\n\n\n<h4 class=\"wp-block-heading\"><strong>Pour nous rejoindre<\/strong><\/h4>\n\n\n\n<p>En partant de PARIS<br>&nbsp;&nbsp;&#8211; Prendre l&rsquo;A15 en direction de Cergy Pontoise : Sortie num\u00e9ro 10 direction MARINES<br>&nbsp;&nbsp;&#8211; Prendre la D915 : Suivre les panneaux A\u00e9roport CERGY PONTOISE.<br>&nbsp;&nbsp;&#8211; A l&rsquo;entr\u00e9e de l&rsquo;a\u00e9roport, Prendre \u00e0 gauche la direction ZONE D&rsquo;AVIATION LEGERE<br>&nbsp;&nbsp;Votre A\u00e9ro-club CERGY PONTOISE AIR CLUB est indiqu\u00e9<\/p>\n\n\n\n<p><\/p>\n\n\n<div class=\"wp-block-image\">\n<figure class=\"aligncenter size-full\"><img loading=\"lazy\" decoding=\"async\" width=\"640\" height=\"480\" src=\"https:\/\/www.aeroclub-cpac.fr\/wp-content\/uploads\/2021\/12\/plan.gif\" alt=\"\" class=\"wp-image-101\"\/><\/figure>\n<\/div>\n\n\n<p><\/p>\n\n\n\n<p class=\"has-text-align-center\"><strong>Association Loi 1901 N\u00ba 5277 agr\u00e9\u00e9e par l&rsquo;\u00e9tat (J.O. du 07\/05\/1975)<br>Affili\u00e9e \u00e0 la&nbsp;<a href=\"http:\/\/www.ffa-aero.fr\/\">F.F.A<\/a>&nbsp;N\u00ba 04099<\/strong><\/p>\n","protected":false},"excerpt":{"rendered":"<p>Sa vocation &#8211; Faciliter l&rsquo;obtention des brevets de pilote.&#8211; Fournir aux pilotes brevet\u00e9s la possibilit\u00e9 de pratiquer leur loisir favori.&#8211; Faire b\u00e9n\u00e9ficier du plaisir de voler \u00e0 ceux qui le souhaitent en organisant :&nbsp;&nbsp;&nbsp;&nbsp; &#8211; des vols d&rsquo;initiation;&nbsp;&nbsp;&nbsp;&nbsp; &#8211; des &hellip; <a href=\"https:\/\/www.aeroclub-cpac.fr\/index.php\/le-club\/\">Continuer la lecture <span class=\"meta-nav\">&rarr;<\/span><\/a><\/p>\n","protected":false},"author":1,"featured_media":0,"parent":0,"menu_order":0,"comment_status":"closed","ping_status":"closed","template":"","meta":{"footnotes":""},"class_list":["post-39","page","type-page","status-publish","hentry"],"_links":{"self":[{"href":"https:\/\/www.aeroclub-cpac.fr\/index.php\/wp-json\/wp\/v2\/pages\/39","targetHints":{"allow":["GET"]}}],"collection":[{"href":"https:\/\/www.aeroclub-cpac.fr\/index.php\/wp-json\/wp\/v2\/pages"}],"about":[{"href":"https:\/\/www.aeroclub-cpac.fr\/index.php\/wp-json\/wp\/v2\/types\/page"}],"author":[{"embeddable":true,"href":"https:\/\/www.aeroclub-cpac.fr\/index.php\/wp-json\/wp\/v2\/users\/1"}],"replies":[{"embeddable":true,"href":"https:\/\/www.aeroclub-cpac.fr\/index.php\/wp-json\/wp\/v2\/comments?post=39"}],"version-history":[{"count":5,"href":"https:\/\/www.aeroclub-cpac.fr\/index.php\/wp-json\/wp\/v2\/pages\/39\/revisions"}],"predecessor-version":[{"id":407,"href":"https:\/\/www.aeroclub-cpac.fr\/index.php\/wp-json\/wp\/v2\/pages\/39\/revisions\/407"}],"wp:attachment":[{"href":"https:\/\/www.aeroclub-cpac.fr\/index.php\/wp-json\/wp\/v2\/media?parent=39"}],"curies":[{"name":"wp","href":"https:\/\/api.w.org\/{rel}","templated":true}]}}