{"id":37,"date":"2021-11-29T21:12:56","date_gmt":"2021-11-29T21:12:56","guid":{"rendered":"http:\/\/dev.aeroclub-cpac.fr\/?page_id=2"},"modified":"2023-10-15T07:45:40","modified_gmt":"2023-10-15T07:45:40","slug":"sample-page-2","status":"publish","type":"page","link":"https:\/\/www.aeroclub-cpac.fr\/","title":{"rendered":""},"content":{"rendered":"<div class=\"wp-block-image\">\n<figure class=\"aligncenter size-full is-resized\"><img loading=\"lazy\" decoding=\"async\" width=\"512\" height=\"512\" src=\"https:\/\/www.aeroclub-cpac.fr\/wp-content\/uploads\/2021\/11\/cropped-cropped-LOGO-CPAC.png\" alt=\"\" class=\"wp-image-13\" style=\"width:198px;height:206px\" srcset=\"https:\/\/www.aeroclub-cpac.fr\/wp-content\/uploads\/2021\/11\/cropped-cropped-LOGO-CPAC.png 512w, https:\/\/www.aeroclub-cpac.fr\/wp-content\/uploads\/2021\/11\/cropped-cropped-LOGO-CPAC-300x300.png 300w, https:\/\/www.aeroclub-cpac.fr\/wp-content\/uploads\/2021\/11\/cropped-cropped-LOGO-CPAC-150x150.png 150w\" sizes=\"auto, (max-width: 512px) 100vw, 512px\" \/><\/figure>\n<\/div>\n\n\n<figure class=\"wp-block-pullquote\"><blockquote><p>Bienvenue au CPAC<\/p><cite><strong>D\u00e9couvrez les joies du pilotage<\/strong><\/cite><\/blockquote><\/figure>\n\n\n\n<p class=\"has-text-align-center\">Dans notre a\u00e9roclub, nous vous proposons :<\/p>\n\n\n\n<p class=\"has-text-align-left\">Des vols de d\u00e9couverte en DA20 ou en DA40.<\/p>\n\n\n\n<p>Des vols d&rsquo;initiation, en DA20 ou DA40, vous prenez les commandes de l&rsquo;avion avec un instructeur.<\/p>\n\n\n\n<p>De passez votre brevet de pilote priv\u00e9 (PPL ou LAPL), vous pourrez ensuite voyager.<\/p>\n\n\n\n<p>De passez votre qualification VFR nuit.<\/p>\n\n\n\n<p class=\"has-text-align-center\"><img loading=\"lazy\" decoding=\"async\" width=\"800\" height=\"601\" class=\"wp-image-10\" style=\"width: 800px;\" src=\"https:\/\/www.aeroclub-cpac.fr\/wp-content\/uploads\/2021\/11\/2021-03-02-21.45.41.jpg\" alt=\"\" srcset=\"https:\/\/www.aeroclub-cpac.fr\/wp-content\/uploads\/2021\/11\/2021-03-02-21.45.41.jpg 1440w, https:\/\/www.aeroclub-cpac.fr\/wp-content\/uploads\/2021\/11\/2021-03-02-21.45.41-300x225.jpg 300w, https:\/\/www.aeroclub-cpac.fr\/wp-content\/uploads\/2021\/11\/2021-03-02-21.45.41-1024x769.jpg 1024w, https:\/\/www.aeroclub-cpac.fr\/wp-content\/uploads\/2021\/11\/2021-03-02-21.45.41-768x577.jpg 768w\" sizes=\"auto, (max-width: 800px) 100vw, 800px\" \/><\/p>\n","protected":false},"excerpt":{"rendered":"<p>Bienvenue au CPAC D\u00e9couvrez les joies du pilotage Dans notre a\u00e9roclub, nous vous proposons : Des vols de d\u00e9couverte en DA20 ou en DA40. Des vols d&rsquo;initiation, en DA20 ou DA40, vous prenez les commandes de l&rsquo;avion avec un instructeur. &hellip; <a href=\"https:\/\/www.aeroclub-cpac.fr\/\">Continuer la lecture <span class=\"meta-nav\">&rarr;<\/span><\/a><\/p>\n","protected":false},"author":1,"featured_media":0,"parent":0,"menu_order":0,"comment_status":"closed","ping_status":"open","template":"","meta":{"footnotes":""},"class_list":["post-37","page","type-page","status-publish","hentry"],"_links":{"self":[{"href":"https:\/\/www.aeroclub-cpac.fr\/index.php\/wp-json\/wp\/v2\/pages\/37","targetHints":{"allow":["GET"]}}],"collection":[{"href":"https:\/\/www.aeroclub-cpac.fr\/index.php\/wp-json\/wp\/v2\/pages"}],"about":[{"href":"https:\/\/www.aeroclub-cpac.fr\/index.php\/wp-json\/wp\/v2\/types\/page"}],"author":[{"embeddable":true,"href":"https:\/\/www.aeroclub-cpac.fr\/index.php\/wp-json\/wp\/v2\/users\/1"}],"replies":[{"embeddable":true,"href":"https:\/\/www.aeroclub-cpac.fr\/index.php\/wp-json\/wp\/v2\/comments?post=37"}],"version-history":[{"count":6,"href":"https:\/\/www.aeroclub-cpac.fr\/index.php\/wp-json\/wp\/v2\/pages\/37\/revisions"}],"predecessor-version":[{"id":382,"href":"https:\/\/www.aeroclub-cpac.fr\/index.php\/wp-json\/wp\/v2\/pages\/37\/revisions\/382"}],"wp:attachment":[{"href":"https:\/\/www.aeroclub-cpac.fr\/index.php\/wp-json\/wp\/v2\/media?parent=37"}],"curies":[{"name":"wp","href":"https:\/\/api.w.org\/{rel}","templated":true}]}}